{"id":141103,"date":"2024-08-02T08:06:27","date_gmt":"2024-08-02T06:06:27","guid":{"rendered":"https:\/\/patounade.re\/?page_id=141103"},"modified":"2025-06-13T08:34:47","modified_gmt":"2025-06-13T06:34:47","slug":"141103-2","status":"publish","type":"page","link":"https:\/\/patounade.re\/","title":{"rendered":"Index"},"content":{"rendered":"<div class=\"wpb-content-wrapper\"><p>[vc_row row_height_percent=\u00a0\u00bb0&Prime; overlay_alpha=\u00a0\u00bb50&Prime; gutter_size=\u00a0\u00bb3&Prime; column_width_percent=\u00a0\u00bb100&Prime; shift_y=\u00a0\u00bb0&Prime; z_index=\u00a0\u00bb0&Prime; uncode_shortcode_id=\u00a0\u00bb330213&Prime;][vc_column width=\u00a0\u00bb1\/2&Prime;][vc_custom_heading text_font=\u00a0\u00bbfont-193567&Prime; text_size=\u00a0\u00bbfontsize-155944&Prime; text_weight=\u00a0\u00bb100&Prime; uncode_shortcode_id=\u00a0\u00bb199809&Prime; text_color_type=\u00a0\u00bbuncode-solid\u00a0\u00bb text_color_solid=\u00a0\u00bb#fb4480&Prime;]Bienvenue sur Patounade.re[\/vc_custom_heading][vc_custom_heading heading_semantic=\u00a0\u00bbh1&Prime; text_font=\u00a0\u00bbfont-136269&Prime; text_size=\u00a0\u00bbh4&Prime; text_weight=\u00a0\u00bb400&Prime; uncode_shortcode_id=\u00a0\u00bb907206&Prime; text_color_type=\u00a0\u00bbuncode-solid\u00a0\u00bb text_color_solid=\u00a0\u00bb#182100&Prime;]Nous sommes une soci\u00e9t\u00e9 r\u00e9unionnaise sp\u00e9cialis\u00e9e dans le bien-\u00eatre canin et f\u00e9lin. Nous sommes tous passionn\u00e9s et dipl\u00f4m\u00e9s de l&rsquo;ACACED, formation obligatoire pour travailler avec les animaux domestiques.[\/vc_custom_heading][vc_custom_heading heading_semantic=\u00a0\u00bbh3&Prime; text_font=\u00a0\u00bbfont-193567&Prime; text_size=\u00a0\u00bbh3&Prime; text_weight=\u00a0\u00bb100&Prime; uncode_shortcode_id=\u00a0\u00bb132834&Prime; text_color_type=\u00a0\u00bbuncode-solid\u00a0\u00bb text_color_solid=\u00a0\u00bb#fb4480&Prime;]Nos Services[\/vc_custom_heading][vc_gallery el_id=\u00a0\u00bbgallery-165366&Prime; type=\u00a0\u00bbcss_grid\u00a0\u00bb medias=\u00a0\u00bb141194,141193,141195,141192,141198,141200&Prime; grid_items=\u00a0\u00bb3&Prime; screen_lg_items=\u00a0\u00bb3&Prime; screen_lg_breakpoint=\u00a0\u00bb1000&Prime; screen_md_items=\u00a0\u00bb3&Prime; screen_md_breakpoint=\u00a0\u00bb600&Prime; screen_sm_items=\u00a0\u00bb3&Prime; screen_sm_breakpoint=\u00a0\u00bb480&Prime; gutter_size=\u00a0\u00bb3&Prime; css_grid_v_align=\u00a0\u00bbmiddle\u00a0\u00bb css_grid_equal_height=\u00a0\u00bbyes\u00a0\u00bb media_items=\u00a0\u00bbmedia|nolink|original,icon,title\u00a0\u00bb single_text=\u00a0\u00bbunder\u00a0\u00bb single_overlay_opacity=\u00a0\u00bb1&Prime; single_overlay_anim=\u00a0\u00bbno\u00a0\u00bb single_text_visible=\u00a0\u00bbyes\u00a0\u00bb single_text_anim=\u00a0\u00bbno\u00a0\u00bb single_image_anim=\u00a0\u00bbno\u00a0\u00bb single_h_align=\u00a0\u00bbcenter\u00a0\u00bb single_padding=\u00a0\u00bb2&Prime; single_title_semantic=\u00a0\u00bbh6&Prime; single_title_family=\u00a0\u00bbfont-114434&Prime; single_title_dimension=\u00a0\u00bbh6&Prime; single_title_weight=\u00a0\u00bb300&Prime; single_text_lead=\u00a0\u00bbsmall\u00a0\u00bb single_border=\u00a0\u00bbyes\u00a0\u00bb uncode_shortcode_id=\u00a0\u00bb650646&Prime; single_link=\u00a0\u00bburl:https%3A%2F%2Fpatounade.re%2Fcontact|title:Contact\u00a0\u00bb][vc_button radius=\u00a0\u00bbbtn-square\u00a0\u00bb hover_fx=\u00a0\u00bbfull-colored\u00a0\u00bb border_width=\u00a0\u00bb5&Prime; css_animation=\u00a0\u00bbbottom-t-top\u00a0\u00bb animation_speed=\u00a0\u00bb600&Prime; animation_delay=\u00a0\u00bb600&Prime; button_color_type=\u00a0\u00bbuncode-solid\u00a0\u00bb button_color_solid=\u00a0\u00bb#fb4480&Prime; uncode_shortcode_id=\u00a0\u00bb491275&Prime; link=\u00a0\u00bburl:%23order\u00a0\u00bb]RESERVER[\/vc_button][\/vc_column][vc_column column_width_percent=\u00a0\u00bb100&Prime; position_vertical=\u00a0\u00bbmiddle\u00a0\u00bb align_horizontal=\u00a0\u00bbalign_center\u00a0\u00bb gutter_size=\u00a0\u00bb3&Prime; overlay_alpha=\u00a0\u00bb50&Prime; shift_x=\u00a0\u00bb0&Prime; shift_y=\u00a0\u00bb0&Prime; shift_y_down=\u00a0\u00bb0&Prime; z_index=\u00a0\u00bb0&Prime; medium_width=\u00a0\u00bb0&Prime; mobile_width=\u00a0\u00bb0&Prime; width=\u00a0\u00bb1\/2&Prime; uncode_shortcode_id=\u00a0\u00bb410163&Prime;][vc_single_image media=\u00a0\u00bb141176&Prime; media_width_percent=\u00a0\u00bb100&Prime; uncode_shortcode_id=\u00a0\u00bb186140&Prime;][\/vc_column][\/vc_row][vc_row][vc_column column_width_percent=\u00a0\u00bb100&Prime; position_vertical=\u00a0\u00bbmiddle\u00a0\u00bb align_horizontal=\u00a0\u00bbalign_center\u00a0\u00bb gutter_size=\u00a0\u00bb3&Prime; overlay_alpha=\u00a0\u00bb52&Prime; shift_x=\u00a0\u00bb0&Prime; shift_y=\u00a0\u00bb0&Prime; shift_y_down=\u00a0\u00bb0&Prime; z_index=\u00a0\u00bb0&Prime; medium_width=\u00a0\u00bb0&Prime; mobile_width=\u00a0\u00bb0&Prime; css_animation=\u00a0\u00bbzoom-out\u00a0\u00bb width=\u00a0\u00bb1\/1&Prime; uncode_shortcode_id=\u00a0\u00bb146731&Prime;][vc_custom_heading text_color=\u00a0\u00bbcolor-jevc\u00a0\u00bb heading_semantic=\u00a0\u00bbh4&Prime; text_font=\u00a0\u00bbfont-114434&Prime; text_size=\u00a0\u00bbfontsize-155944&Prime; css_animation=\u00a0\u00bbcurtain-words\u00a0\u00bb uncode_shortcode_id=\u00a0\u00bb126495&Prime; text_color_type=\u00a0\u00bbuncode-palette\u00a0\u00bb]Pourquoi nous choisir:[\/vc_custom_heading][vc_row_inner][vc_column_inner width=\u00a0\u00bb1\/2&Prime;][vc_custom_heading heading_semantic=\u00a0\u00bbh4&Prime; text_font=\u00a0\u00bbfont-114434&Prime; text_size=\u00a0\u00bbh4&Prime; inline_media=\u00a0\u00bbyes\u00a0\u00bb medias=\u00a0\u00bb141203&Prime; media_height=\u00a0\u00bb100&Prime; uncode_shortcode_id=\u00a0\u00bb119198&Prime;][uncode_inline_image] Nous sommes passionn\u00e9[\/vc_custom_heading][vc_column_text uncode_shortcode_id=\u00a0\u00bb167352&Prime;]Nous comprenons que votre ami \u00e0 quatre pattes est un membre pr\u00e9cieux de votre famille et m\u00e9rite les meilleurs soins et attentions possibles.[\/vc_column_text][\/vc_column_inner][vc_column_inner width=\u00a0\u00bb1\/2&Prime;][vc_custom_heading heading_semantic=\u00a0\u00bbh4&Prime; text_font=\u00a0\u00bbfont-114434&Prime; text_size=\u00a0\u00bbh4&Prime; inline_media=\u00a0\u00bbyes\u00a0\u00bb medias=\u00a0\u00bb141203&Prime; media_height=\u00a0\u00bb100&Prime; uncode_shortcode_id=\u00a0\u00bb689998&Prime;][uncode_inline_image] Tranquillit\u00e9 d&rsquo;esprit[\/vc_custom_heading][vc_column_text uncode_shortcode_id=\u00a0\u00bb194015&Prime;]Nous savons que quitter votre ami \u00e0 quatre pattes peut \u00eatre stressant et vous voulez vous assurer qu&rsquo;il re\u00e7oit les meilleurs soins pendant votre absence.[\/vc_column_text][\/vc_column_inner][\/vc_row_inner][vc_row_inner][vc_column_inner width=\u00a0\u00bb1\/2&Prime;][vc_custom_heading heading_semantic=\u00a0\u00bbh4&Prime; text_font=\u00a0\u00bbfont-114434&Prime; text_size=\u00a0\u00bbh4&Prime; inline_media=\u00a0\u00bbyes\u00a0\u00bb medias=\u00a0\u00bb141203&Prime; media_height=\u00a0\u00bb100&Prime; uncode_shortcode_id=\u00a0\u00bb143804&Prime;][uncode_inline_image] Simplicit\u00e9[\/vc_custom_heading][vc_column_text uncode_shortcode_id=\u00a0\u00bb136929&Prime;]En plus de nos horaires de rendez-vous pratiques, nous proposons \u00e9galement une r\u00e9servation en ligne pour une planification facile.[\/vc_column_text][\/vc_column_inner][vc_column_inner width=\u00a0\u00bb1\/2&Prime;][vc_custom_heading heading_semantic=\u00a0\u00bbh4&Prime; text_font=\u00a0\u00bbfont-114434&Prime; text_size=\u00a0\u00bbh4&Prime; inline_media=\u00a0\u00bbyes\u00a0\u00bb medias=\u00a0\u00bb141203&Prime; media_height=\u00a0\u00bb100&Prime; uncode_shortcode_id=\u00a0\u00bb654745&Prime;][uncode_inline_image] Transparence[\/vc_custom_heading][vc_column_text uncode_shortcode_id=\u00a0\u00bb112598&Prime;]Nous voulons que vous ayez confiance dans les services que nous proposons. Toutes nos balades sont film\u00e9es et peuvent vous \u00eatre transmises \u00e0 tout moment.[\/vc_column_text][\/vc_column_inner][\/vc_row_inner][vc_row_inner][vc_column_inner width=\u00a0\u00bb1\/2&Prime;][vc_custom_heading heading_semantic=\u00a0\u00bbh4&Prime; text_font=\u00a0\u00bbfont-114434&Prime; text_size=\u00a0\u00bbh4&Prime; inline_media=\u00a0\u00bbyes\u00a0\u00bb medias=\u00a0\u00bb141203&Prime; media_height=\u00a0\u00bb100&Prime; uncode_shortcode_id=\u00a0\u00bb155393&Prime;][uncode_inline_image] S\u00e9curit\u00e9[\/vc_custom_heading][vc_column_text uncode_shortcode_id=\u00a0\u00bb162518&Prime;]Tous nos collaborateurs, form\u00e9s et titulaires du dipl\u00f4me ACACED, vous garantissent des soins et services de qualit\u00e9 sup\u00e9rieure pour le bien-\u00eatre et la s\u00e9curit\u00e9 de vos animaux.[\/vc_column_text][\/vc_column_inner][vc_column_inner width=\u00a0\u00bb1\/2&Prime;][vc_custom_heading heading_semantic=\u00a0\u00bbh4&Prime; text_font=\u00a0\u00bbfont-114434&Prime; text_size=\u00a0\u00bbh4&Prime; inline_media=\u00a0\u00bbyes\u00a0\u00bb medias=\u00a0\u00bb141203&Prime; media_height=\u00a0\u00bb100&Prime; uncode_shortcode_id=\u00a0\u00bb136932&Prime;][uncode_inline_image] Assurance qualit\u00e9[\/vc_custom_heading][vc_column_text uncode_shortcode_id=\u00a0\u00bb108498&Prime;]Nous sommes assur\u00e9s et respectons toutes les r\u00e9gulations locales et nationales, garantissant ainsi des soins animaliers s\u00e9curis\u00e9s et conformes aux normes les plus strictes pour votre tranquillit\u00e9 d&rsquo;esprit.[\/vc_column_text][\/vc_column_inner][\/vc_row_inner][\/vc_column][\/vc_row][vc_row][vc_column column_width_percent=\u00a0\u00bb100&Prime; position_vertical=\u00a0\u00bbmiddle\u00a0\u00bb align_horizontal=\u00a0\u00bbalign_center\u00a0\u00bb gutter_size=\u00a0\u00bb3&Prime; overlay_alpha=\u00a0\u00bb50&Prime; shift_x=\u00a0\u00bb0&Prime; shift_y=\u00a0\u00bb0&Prime; shift_y_down=\u00a0\u00bb0&Prime; z_index=\u00a0\u00bb0&Prime; medium_width=\u00a0\u00bb0&Prime; mobile_width=\u00a0\u00bb0&Prime; width=\u00a0\u00bb1\/1&Prime; uncode_shortcode_id=\u00a0\u00bb839485&Prime; el_id=\u00a0\u00bborder\u00a0\u00bb][vc_custom_heading text_font=\u00a0\u00bbfont-193567&Prime; text_size=\u00a0\u00bbfontsize-155944&Prime; text_weight=\u00a0\u00bb100&Prime; uncode_shortcode_id=\u00a0\u00bb186812&Prime; text_color_type=\u00a0\u00bbuncode-solid\u00a0\u00bb text_color_solid=\u00a0\u00bb#fb4480&Prime;]Prendre Rendez-vous[\/vc_custom_heading][vc_empty_space empty_h=\u00a0\u00bb2&Prime;][vc_raw_html]JTVCd2ViYmFib29raW5nJTVE[\/vc_raw_html][\/vc_column][\/vc_row][vc_row][vc_column width=\u00a0\u00bb1\/1&Prime;][vc_custom_heading text_color=\u00a0\u00bbcolor-jevc\u00a0\u00bb heading_semantic=\u00a0\u00bbh4&Prime; text_font=\u00a0\u00bbfont-114434&Prime; text_size=\u00a0\u00bbfontsize-155944&Prime; css_animation=\u00a0\u00bbcurtain-words\u00a0\u00bb uncode_shortcode_id=\u00a0\u00bb172000&Prime; text_color_type=\u00a0\u00bbuncode-palette\u00a0\u00bb]Suivez nos aventures sur Instagram \ud83d\udc95[\/vc_custom_heading][vc_raw_html]JTVCaW5zdGFncmFtLWZlZWQlMjBmZWVkJTNEMSU1RA==[\/vc_raw_html][\/vc_column][\/vc_row]<\/p>\n<\/div>","protected":false},"excerpt":{"rendered":"<p>[vc_row row_height_percent=\u00a0\u00bb0&Prime; overlay_alpha=\u00a0\u00bb50&Prime; gutter_size=\u00a0\u00bb3&Prime; column_width_percent=\u00a0\u00bb100&Prime; shift_y=\u00a0\u00bb0&Prime; z_index=\u00a0\u00bb0&Prime; uncode_shortcode_id=\u00a0\u00bb330213&Prime;][vc_column width=\u00a0\u00bb1\/2&Prime;][vc_custom_heading text_font=\u00a0\u00bbfont-193567&Prime; text_size=\u00a0\u00bbfontsize-155944&Prime; text_weight=\u00a0\u00bb100&Prime; uncode_shortcode_id=\u00a0\u00bb199809&Prime; text_color_type=\u00a0\u00bbuncode-solid\u00a0\u00bb text_color_solid=\u00a0\u00bb#fb4480&Prime;]Bienvenue sur Patounade.re[\/vc_custom_heading][vc_custom_heading heading_semantic=\u00a0\u00bbh1&Prime; text_font=\u00a0\u00bbfont-136269&Prime; text_size=\u00a0\u00bbh4&Prime; [&hellip;]<\/p>\n","protected":false},"author":1,"featured_media":0,"parent":0,"menu_order":0,"comment_status":"closed","ping_status":"closed","template":"","meta":{"footnotes":""},"class_list":["post-141103","page","type-page","status-publish","hentry"],"_links":{"self":[{"href":"https:\/\/patounade.re\/index.php\/wp-json\/wp\/v2\/pages\/141103","targetHints":{"allow":["GET"]}}],"collection":[{"href":"https:\/\/patounade.re\/index.php\/wp-json\/wp\/v2\/pages"}],"about":[{"href":"https:\/\/patounade.re\/index.php\/wp-json\/wp\/v2\/types\/page"}],"author":[{"embeddable":true,"href":"https:\/\/patounade.re\/index.php\/wp-json\/wp\/v2\/users\/1"}],"replies":[{"embeddable":true,"href":"https:\/\/patounade.re\/index.php\/wp-json\/wp\/v2\/comments?post=141103"}],"version-history":[{"count":34,"href":"https:\/\/patounade.re\/index.php\/wp-json\/wp\/v2\/pages\/141103\/revisions"}],"predecessor-version":[{"id":141588,"href":"https:\/\/patounade.re\/index.php\/wp-json\/wp\/v2\/pages\/141103\/revisions\/141588"}],"wp:attachment":[{"href":"https:\/\/patounade.re\/index.php\/wp-json\/wp\/v2\/media?parent=141103"}],"curies":[{"name":"wp","href":"https:\/\/api.w.org\/{rel}","templated":true}]}}