{"id":141411,"date":"2024-08-21T09:42:37","date_gmt":"2024-08-21T07:42:37","guid":{"rendered":"https:\/\/patounade.re\/?page_id=141411"},"modified":"2024-11-29T12:05:27","modified_gmt":"2024-11-29T11:05:27","slug":"visite-a-domicile","status":"publish","type":"page","link":"https:\/\/patounade.re\/index.php\/visite-a-domicile\/","title":{"rendered":"Nos Services &#8211; Visite \u00e0 domicile"},"content":{"rendered":"<div class=\"wpb-content-wrapper\"><p>[vc_row][vc_column width=\u00a0\u00bb1\/1&Prime;][vc_custom_heading text_color=\u00a0\u00bbcolor-188946&Prime; text_font=\u00a0\u00bbfont-114434&Prime; text_size=\u00a0\u00bbfontsize-210105&Prime; inline_media=\u00a0\u00bbyes\u00a0\u00bb medias=\u00a0\u00bb141412&Prime; media_height=\u00a0\u00bb100&Prime; uncode_shortcode_id=\u00a0\u00bb101289&Prime; text_color_type=\u00a0\u00bbuncode-palette\u00a0\u00bb]Le service de dogsitting\u00a0 [uncode_inline_image] qui chouchoute votre compagnon \u00e0 pattes ![\/vc_custom_heading][\/vc_column][\/vc_row][vc_row][vc_column column_width_percent=\u00a0\u00bb100&Prime; position_vertical=\u00a0\u00bbmiddle\u00a0\u00bb gutter_size=\u00a0\u00bb3&Prime; overlay_alpha=\u00a0\u00bb50&Prime; shift_x=\u00a0\u00bb0&Prime; shift_y=\u00a0\u00bb0&Prime; shift_y_down=\u00a0\u00bb0&Prime; z_index=\u00a0\u00bb0&Prime; medium_width=\u00a0\u00bb0&Prime; mobile_width=\u00a0\u00bb0&Prime; width=\u00a0\u00bb1\/2&Prime; uncode_shortcode_id=\u00a0\u00bb201636&Prime;][vc_custom_heading text_color=\u00a0\u00bbcolor-188946&Prime; heading_semantic=\u00a0\u00bbh4&Prime; text_font=\u00a0\u00bbfont-114434&Prime; text_size=\u00a0\u00bbh5&Prime; text_weight=\u00a0\u00bb300&Prime; uncode_shortcode_id=\u00a0\u00bb201190&Prime; text_color_type=\u00a0\u00bbuncode-palette\u00a0\u00bb]Chez <strong>La Patounade<\/strong>, nous veillons sur votre chien comme s&rsquo;il faisait partie de notre famille. Que vous ayez besoin d&rsquo;une simple garde d&rsquo;une heure pour une course rapide ou d&rsquo;une prise en charge plus longue, nous sommes l\u00e0 pour offrir \u00e0 votre compagnon le meilleur des soins et des attentions.<\/p>\n<p>[\/vc_custom_heading][vc_custom_heading text_color=\u00a0\u00bbcolor-188946&Prime; heading_semantic=\u00a0\u00bbh4&Prime; text_font=\u00a0\u00bbfont-114434&Prime; text_size=\u00a0\u00bbh5&Prime; text_weight=\u00a0\u00bb300&Prime; uncode_shortcode_id=\u00a0\u00bb169225&Prime; text_color_type=\u00a0\u00bbuncode-palette\u00a0\u00bb]Notre service de dogsitting est flexible et adapt\u00e9 \u00e0 vos besoins, que ce soit pour jouer, nourrir, promener ou simplement veiller sur votre chien \u00e0 domicile. Vous pouvez ainsi partir l&rsquo;esprit tranquille, en sachant que votre fid\u00e8le ami est entre de bonnes mains.<\/p>\n<p>&nbsp;<\/p>\n<p><strong>La Patounade<\/strong>, c&rsquo;est le confort et le bonheur de votre chien, m\u00eame en votre absence ![\/vc_custom_heading][\/vc_column][vc_column column_width_percent=\u00a0\u00bb100&Prime; position_vertical=\u00a0\u00bbmiddle\u00a0\u00bb gutter_size=\u00a0\u00bb3&Prime; overlay_alpha=\u00a0\u00bb50&Prime; shift_x=\u00a0\u00bb0&Prime; shift_y=\u00a0\u00bb0&Prime; shift_y_down=\u00a0\u00bb0&Prime; z_index=\u00a0\u00bb0&Prime; medium_width=\u00a0\u00bb0&Prime; mobile_width=\u00a0\u00bb0&Prime; width=\u00a0\u00bb1\/2&Prime; uncode_shortcode_id=\u00a0\u00bb774693&Prime;][vc_single_image media=\u00a0\u00bb141413&Prime; media_width_percent=\u00a0\u00bb100&Prime; uncode_shortcode_id=\u00a0\u00bb171427&Prime;][\/vc_column][\/vc_row][vc_row][vc_column column_width_percent=\u00a0\u00bb100&Prime; position_vertical=\u00a0\u00bbmiddle\u00a0\u00bb align_horizontal=\u00a0\u00bbalign_center\u00a0\u00bb gutter_size=\u00a0\u00bb3&Prime; overlay_alpha=\u00a0\u00bb50&Prime; shift_x=\u00a0\u00bb0&Prime; shift_y=\u00a0\u00bb0&Prime; shift_y_down=\u00a0\u00bb0&Prime; z_index=\u00a0\u00bb0&Prime; medium_width=\u00a0\u00bb0&Prime; mobile_width=\u00a0\u00bb0&Prime; width=\u00a0\u00bb1\/1&Prime; uncode_shortcode_id=\u00a0\u00bb172318&Prime;][vc_custom_heading text_font=\u00a0\u00bbfont-193567&Prime; text_size=\u00a0\u00bbfontsize-155944&Prime; text_weight=\u00a0\u00bb100&Prime; uncode_shortcode_id=\u00a0\u00bb186812&Prime; text_color_type=\u00a0\u00bbuncode-solid\u00a0\u00bb text_color_solid=\u00a0\u00bb#fb4480&Prime;]Prendre Rendez-vous[\/vc_custom_heading][vc_empty_space empty_h=\u00a0\u00bb2&Prime;][vc_raw_html]JTVCd2ViYmFib29raW5nJTVE[\/vc_raw_html][\/vc_column][\/vc_row]<\/p>\n<\/div>","protected":false},"excerpt":{"rendered":"<p>[vc_row][vc_column width=\u00a0\u00bb1\/1&Prime;][vc_custom_heading text_color=\u00a0\u00bbcolor-188946&Prime; text_font=\u00a0\u00bbfont-114434&Prime; text_size=\u00a0\u00bbfontsize-210105&Prime; inline_media=\u00a0\u00bbyes\u00a0\u00bb medias=\u00a0\u00bb141412&Prime; media_height=\u00a0\u00bb100&Prime; uncode_shortcode_id=\u00a0\u00bb101289&Prime; text_color_type=\u00a0\u00bbuncode-palette\u00a0\u00bb]Le service de dogsitting\u00a0 [uncode_inline_image] qui chouchoute votre compagnon \u00e0 pattes [&hellip;]<\/p>\n","protected":false},"author":1,"featured_media":141570,"parent":0,"menu_order":0,"comment_status":"closed","ping_status":"closed","template":"","meta":{"footnotes":""},"class_list":["post-141411","page","type-page","status-publish","has-post-thumbnail","hentry"],"_links":{"self":[{"href":"https:\/\/patounade.re\/index.php\/wp-json\/wp\/v2\/pages\/141411","targetHints":{"allow":["GET"]}}],"collection":[{"href":"https:\/\/patounade.re\/index.php\/wp-json\/wp\/v2\/pages"}],"about":[{"href":"https:\/\/patounade.re\/index.php\/wp-json\/wp\/v2\/types\/page"}],"author":[{"embeddable":true,"href":"https:\/\/patounade.re\/index.php\/wp-json\/wp\/v2\/users\/1"}],"replies":[{"embeddable":true,"href":"https:\/\/patounade.re\/index.php\/wp-json\/wp\/v2\/comments?post=141411"}],"version-history":[{"count":5,"href":"https:\/\/patounade.re\/index.php\/wp-json\/wp\/v2\/pages\/141411\/revisions"}],"predecessor-version":[{"id":141433,"href":"https:\/\/patounade.re\/index.php\/wp-json\/wp\/v2\/pages\/141411\/revisions\/141433"}],"wp:featuredmedia":[{"embeddable":true,"href":"https:\/\/patounade.re\/index.php\/wp-json\/wp\/v2\/media\/141570"}],"wp:attachment":[{"href":"https:\/\/patounade.re\/index.php\/wp-json\/wp\/v2\/media?parent=141411"}],"curies":[{"name":"wp","href":"https:\/\/api.w.org\/{rel}","templated":true}]}}