{"id":141419,"date":"2024-08-21T10:14:01","date_gmt":"2024-08-21T08:14:01","guid":{"rendered":"https:\/\/patounade.re\/?page_id=141419"},"modified":"2024-11-29T12:07:39","modified_gmt":"2024-11-29T11:07:39","slug":"nos-services-promenade","status":"publish","type":"page","link":"https:\/\/patounade.re\/index.php\/nos-services-promenade\/","title":{"rendered":"Nos Services &#8211; Promenade"},"content":{"rendered":"<div class=\"wpb-content-wrapper\"><p>[vc_row][vc_column width=\u00a0\u00bb1\/1&Prime;][vc_custom_heading text_color=\u00a0\u00bbcolor-188946&Prime; text_font=\u00a0\u00bbfont-114434&Prime; text_size=\u00a0\u00bbfontsize-210105&Prime; inline_media=\u00a0\u00bbyes\u00a0\u00bb medias=\u00a0\u00bb141420&Prime; media_height=\u00a0\u00bb100&Prime; uncode_shortcode_id=\u00a0\u00bb541544&Prime; text_color_type=\u00a0\u00bbuncode-palette\u00a0\u00bb]Le service de promenades [uncode_inline_image] pour des chiens heureux et \u00e9panouis ![\/vc_custom_heading][\/vc_column][\/vc_row][vc_row][vc_column column_width_percent=\u00a0\u00bb100&Prime; position_vertical=\u00a0\u00bbmiddle\u00a0\u00bb gutter_size=\u00a0\u00bb3&Prime; overlay_alpha=\u00a0\u00bb50&Prime; shift_x=\u00a0\u00bb0&Prime; shift_y=\u00a0\u00bb0&Prime; shift_y_down=\u00a0\u00bb0&Prime; z_index=\u00a0\u00bb0&Prime; medium_width=\u00a0\u00bb0&Prime; mobile_width=\u00a0\u00bb0&Prime; width=\u00a0\u00bb1\/2&Prime; uncode_shortcode_id=\u00a0\u00bb201636&Prime;][vc_custom_heading text_color=\u00a0\u00bbcolor-188946&Prime; heading_semantic=\u00a0\u00bbh4&Prime; text_font=\u00a0\u00bbfont-114434&Prime; text_size=\u00a0\u00bbh5&Prime; text_weight=\u00a0\u00bb300&Prime; uncode_shortcode_id=\u00a0\u00bb212766&Prime; text_color_type=\u00a0\u00bbuncode-palette\u00a0\u00bb]Chez <strong>La Patounade<\/strong>, nous savons \u00e0 quel point votre chien a besoin d&rsquo;exercice et de d\u00e9couvertes. C&rsquo;est pourquoi nous proposons un service de promenades \u00e0 partir de 30 minutes, adapt\u00e9 \u00e0 son rythme et \u00e0 ses besoins. Que vous manquiez de temps ou que vous souhaitiez simplement offrir \u00e0 votre chien une belle sortie, nous sommes l\u00e0 pour l&rsquo;accompagner.[\/vc_custom_heading][vc_custom_heading text_color=\u00a0\u00bbcolor-188946&Prime; heading_semantic=\u00a0\u00bbh4&Prime; text_font=\u00a0\u00bbfont-114434&Prime; text_size=\u00a0\u00bbh5&Prime; text_weight=\u00a0\u00bb300&Prime; uncode_shortcode_id=\u00a0\u00bb197179&Prime; text_color_type=\u00a0\u00bbuncode-palette\u00a0\u00bb]Nos balades sont pens\u00e9es pour que votre compagnon puisse se d\u00e9penser, s&rsquo;amuser, et explorer en toute s\u00e9curit\u00e9. Qu&rsquo;il s&rsquo;agisse d&rsquo;une promenade rapide ou d&rsquo;une aventure plus longue, <strong>La Patounade<\/strong> s&rsquo;assure que chaque sortie soit un moment de plaisir pour votre chien.<\/p>\n<p>&nbsp;<\/p>\n<p>Offrez \u00e0 votre fid\u00e8le ami des promenades pleines de d\u00e9couvertes avec <strong>La Patounade<\/strong> !<\/p>\n<p>&nbsp;<\/p>\n<p><strong>Plus d&rsquo;informations et r\u00e9servation via nos r\u00e9seaux sociaux ou notre site web.<\/strong>[\/vc_custom_heading][\/vc_column][vc_column column_width_percent=\u00a0\u00bb100&Prime; position_vertical=\u00a0\u00bbmiddle\u00a0\u00bb gutter_size=\u00a0\u00bb3&Prime; overlay_alpha=\u00a0\u00bb50&Prime; shift_x=\u00a0\u00bb0&Prime; shift_y=\u00a0\u00bb0&Prime; shift_y_down=\u00a0\u00bb0&Prime; z_index=\u00a0\u00bb0&Prime; medium_width=\u00a0\u00bb0&Prime; mobile_width=\u00a0\u00bb0&Prime; width=\u00a0\u00bb1\/2&Prime; uncode_shortcode_id=\u00a0\u00bb774693&Prime;][vc_single_image media=\u00a0\u00bb141422&Prime; media_width_percent=\u00a0\u00bb100&Prime; uncode_shortcode_id=\u00a0\u00bb708413&Prime;][\/vc_column][\/vc_row][vc_row][vc_column column_width_percent=\u00a0\u00bb100&Prime; position_vertical=\u00a0\u00bbmiddle\u00a0\u00bb align_horizontal=\u00a0\u00bbalign_center\u00a0\u00bb gutter_size=\u00a0\u00bb3&Prime; overlay_alpha=\u00a0\u00bb50&Prime; shift_x=\u00a0\u00bb0&Prime; shift_y=\u00a0\u00bb0&Prime; shift_y_down=\u00a0\u00bb0&Prime; z_index=\u00a0\u00bb0&Prime; medium_width=\u00a0\u00bb0&Prime; mobile_width=\u00a0\u00bb0&Prime; width=\u00a0\u00bb1\/1&Prime; uncode_shortcode_id=\u00a0\u00bb214011&Prime;][vc_custom_heading text_font=\u00a0\u00bbfont-193567&Prime; text_size=\u00a0\u00bbfontsize-155944&Prime; text_weight=\u00a0\u00bb100&Prime; uncode_shortcode_id=\u00a0\u00bb186812&Prime; text_color_type=\u00a0\u00bbuncode-solid\u00a0\u00bb text_color_solid=\u00a0\u00bb#fb4480&Prime;]Prendre Rendez-vous[\/vc_custom_heading][vc_empty_space empty_h=\u00a0\u00bb2&Prime;][vc_raw_html]JTVCd2ViYmFib29raW5nJTVE[\/vc_raw_html][\/vc_column][\/vc_row]<\/p>\n<\/div>","protected":false},"excerpt":{"rendered":"<p>[vc_row][vc_column width=\u00a0\u00bb1\/1&Prime;][vc_custom_heading text_color=\u00a0\u00bbcolor-188946&Prime; text_font=\u00a0\u00bbfont-114434&Prime; text_size=\u00a0\u00bbfontsize-210105&Prime; inline_media=\u00a0\u00bbyes\u00a0\u00bb medias=\u00a0\u00bb141420&Prime; media_height=\u00a0\u00bb100&Prime; uncode_shortcode_id=\u00a0\u00bb541544&Prime; text_color_type=\u00a0\u00bbuncode-palette\u00a0\u00bb]Le service de promenades [uncode_inline_image] pour des chiens heureux et \u00e9panouis [&hellip;]<\/p>\n","protected":false},"author":1,"featured_media":141573,"parent":0,"menu_order":0,"comment_status":"closed","ping_status":"closed","template":"","meta":{"footnotes":""},"class_list":["post-141419","page","type-page","status-publish","has-post-thumbnail","hentry"],"_links":{"self":[{"href":"https:\/\/patounade.re\/index.php\/wp-json\/wp\/v2\/pages\/141419","targetHints":{"allow":["GET"]}}],"collection":[{"href":"https:\/\/patounade.re\/index.php\/wp-json\/wp\/v2\/pages"}],"about":[{"href":"https:\/\/patounade.re\/index.php\/wp-json\/wp\/v2\/types\/page"}],"author":[{"embeddable":true,"href":"https:\/\/patounade.re\/index.php\/wp-json\/wp\/v2\/users\/1"}],"replies":[{"embeddable":true,"href":"https:\/\/patounade.re\/index.php\/wp-json\/wp\/v2\/comments?post=141419"}],"version-history":[{"count":6,"href":"https:\/\/patounade.re\/index.php\/wp-json\/wp\/v2\/pages\/141419\/revisions"}],"predecessor-version":[{"id":141434,"href":"https:\/\/patounade.re\/index.php\/wp-json\/wp\/v2\/pages\/141419\/revisions\/141434"}],"wp:featuredmedia":[{"embeddable":true,"href":"https:\/\/patounade.re\/index.php\/wp-json\/wp\/v2\/media\/141573"}],"wp:attachment":[{"href":"https:\/\/patounade.re\/index.php\/wp-json\/wp\/v2\/media?parent=141419"}],"curies":[{"name":"wp","href":"https:\/\/api.w.org\/{rel}","templated":true}]}}