{"id":141435,"date":"2024-08-21T10:45:58","date_gmt":"2024-08-21T08:45:58","guid":{"rendered":"https:\/\/patounade.re\/?page_id=141435"},"modified":"2024-11-29T12:07:23","modified_gmt":"2024-11-29T11:07:23","slug":"transport-securise-pour-chiens-et-chats","status":"publish","type":"page","link":"https:\/\/patounade.re\/index.php\/transport-securise-pour-chiens-et-chats\/","title":{"rendered":"Nos Services &#8211; Transport s\u00e9curis\u00e9 pour chiens et chats"},"content":{"rendered":"<div class=\"wpb-content-wrapper\"><p>[vc_row][vc_column width=\u00a0\u00bb1\/1&Prime;][vc_custom_heading text_color=\u00a0\u00bbcolor-188946&Prime; text_font=\u00a0\u00bbfont-114434&Prime; text_size=\u00a0\u00bbfontsize-210105&Prime; inline_media=\u00a0\u00bbyes\u00a0\u00bb medias=\u00a0\u00bb141437&Prime; media_height=\u00a0\u00bb100&Prime; uncode_shortcode_id=\u00a0\u00bb923111&Prime; text_color_type=\u00a0\u00bbuncode-palette\u00a0\u00bb]Transport s\u00e9curis\u00e9 [uncode_inline_image] pour chiens et chats partout sur l&rsquo;ile ![\/vc_custom_heading][\/vc_column][\/vc_row][vc_row][vc_column column_width_percent=\u00a0\u00bb100&Prime; position_vertical=\u00a0\u00bbmiddle\u00a0\u00bb gutter_size=\u00a0\u00bb3&Prime; overlay_alpha=\u00a0\u00bb50&Prime; shift_x=\u00a0\u00bb0&Prime; shift_y=\u00a0\u00bb0&Prime; shift_y_down=\u00a0\u00bb0&Prime; z_index=\u00a0\u00bb0&Prime; medium_width=\u00a0\u00bb0&Prime; mobile_width=\u00a0\u00bb0&Prime; width=\u00a0\u00bb1\/2&Prime; uncode_shortcode_id=\u00a0\u00bb201636&Prime;][vc_custom_heading text_color=\u00a0\u00bbcolor-188946&Prime; heading_semantic=\u00a0\u00bbh4&Prime; text_font=\u00a0\u00bbfont-114434&Prime; text_size=\u00a0\u00bbh5&Prime; text_weight=\u00a0\u00bb300&Prime; uncode_shortcode_id=\u00a0\u00bb486867&Prime; text_color_type=\u00a0\u00bbuncode-palette\u00a0\u00bb]Chez <strong>La Patounade<\/strong>, nous assurons un transport s\u00e9curis\u00e9 et confortable pour vos chiens et chats, dans un rayon de moins de 65 km \u00e0 partir de votre point de d\u00e9part. Que ce soit pour une visite chez le v\u00e9t\u00e9rinaire, un rendez-vous de toilettage, ou tout autre besoin de d\u00e9placement, votre animal est entre de bonnes mains.<\/p>\n<p>&nbsp;<\/p>\n<p>Pour garantir leur s\u00e9curit\u00e9 maximale, les chiens voyagent dans des cages conformes aux normes <strong>IATA<\/strong>, assurant ainsi un confort optimal et une protection totale tout au long du trajet.<\/p>\n<p>&nbsp;<\/p>\n<p>Avec <strong>La Patounade<\/strong>, offrez \u00e0 votre compagnon un transport fiable, s\u00e9curis\u00e9, et sans stress ![\/vc_custom_heading][\/vc_column][vc_column column_width_percent=\u00a0\u00bb100&Prime; position_horizontal=\u00a0\u00bbright\u00a0\u00bb position_vertical=\u00a0\u00bbmiddle\u00a0\u00bb gutter_size=\u00a0\u00bb3&Prime; overlay_alpha=\u00a0\u00bb50&Prime; shift_x=\u00a0\u00bb0&Prime; shift_y=\u00a0\u00bb0&Prime; shift_y_down=\u00a0\u00bb0&Prime; z_index=\u00a0\u00bb0&Prime; medium_width=\u00a0\u00bb0&Prime; mobile_width=\u00a0\u00bb0&Prime; width=\u00a0\u00bb1\/2&Prime; uncode_shortcode_id=\u00a0\u00bb165246&Prime;][vc_single_image media=\u00a0\u00bb141439&Prime; media_width_percent=\u00a0\u00bb100&Prime; uncode_shortcode_id=\u00a0\u00bb852390&Prime;][\/vc_column][\/vc_row][vc_row][vc_column column_width_percent=\u00a0\u00bb100&Prime; position_vertical=\u00a0\u00bbmiddle\u00a0\u00bb align_horizontal=\u00a0\u00bbalign_center\u00a0\u00bb gutter_size=\u00a0\u00bb3&Prime; overlay_alpha=\u00a0\u00bb50&Prime; shift_x=\u00a0\u00bb0&Prime; shift_y=\u00a0\u00bb0&Prime; shift_y_down=\u00a0\u00bb0&Prime; z_index=\u00a0\u00bb0&Prime; medium_width=\u00a0\u00bb0&Prime; mobile_width=\u00a0\u00bb0&Prime; width=\u00a0\u00bb1\/1&Prime; uncode_shortcode_id=\u00a0\u00bb490669&Prime;][vc_custom_heading text_font=\u00a0\u00bbfont-193567&Prime; text_size=\u00a0\u00bbfontsize-155944&Prime; text_weight=\u00a0\u00bb100&Prime; uncode_shortcode_id=\u00a0\u00bb186812&Prime; text_color_type=\u00a0\u00bbuncode-solid\u00a0\u00bb text_color_solid=\u00a0\u00bb#fb4480&Prime;]Prendre Rendez-vous[\/vc_custom_heading][vc_empty_space empty_h=\u00a0\u00bb2&Prime;][vc_raw_html]JTVCd2ViYmFib29raW5nJTVE[\/vc_raw_html][\/vc_column][\/vc_row]<\/p>\n<\/div>","protected":false},"excerpt":{"rendered":"<p>[vc_row][vc_column width=\u00a0\u00bb1\/1&Prime;][vc_custom_heading text_color=\u00a0\u00bbcolor-188946&Prime; text_font=\u00a0\u00bbfont-114434&Prime; text_size=\u00a0\u00bbfontsize-210105&Prime; inline_media=\u00a0\u00bbyes\u00a0\u00bb medias=\u00a0\u00bb141437&Prime; media_height=\u00a0\u00bb100&Prime; uncode_shortcode_id=\u00a0\u00bb923111&Prime; text_color_type=\u00a0\u00bbuncode-palette\u00a0\u00bb]Transport s\u00e9curis\u00e9 [uncode_inline_image] pour chiens et chats partout sur l&rsquo;ile ![\/vc_custom_heading][\/vc_column][\/vc_row][vc_row][vc_column [&hellip;]<\/p>\n","protected":false},"author":1,"featured_media":141571,"parent":0,"menu_order":0,"comment_status":"closed","ping_status":"closed","template":"","meta":{"footnotes":""},"class_list":["post-141435","page","type-page","status-publish","has-post-thumbnail","hentry"],"_links":{"self":[{"href":"https:\/\/patounade.re\/index.php\/wp-json\/wp\/v2\/pages\/141435","targetHints":{"allow":["GET"]}}],"collection":[{"href":"https:\/\/patounade.re\/index.php\/wp-json\/wp\/v2\/pages"}],"about":[{"href":"https:\/\/patounade.re\/index.php\/wp-json\/wp\/v2\/types\/page"}],"author":[{"embeddable":true,"href":"https:\/\/patounade.re\/index.php\/wp-json\/wp\/v2\/users\/1"}],"replies":[{"embeddable":true,"href":"https:\/\/patounade.re\/index.php\/wp-json\/wp\/v2\/comments?post=141435"}],"version-history":[{"count":3,"href":"https:\/\/patounade.re\/index.php\/wp-json\/wp\/v2\/pages\/141435\/revisions"}],"predecessor-version":[{"id":141441,"href":"https:\/\/patounade.re\/index.php\/wp-json\/wp\/v2\/pages\/141435\/revisions\/141441"}],"wp:featuredmedia":[{"embeddable":true,"href":"https:\/\/patounade.re\/index.php\/wp-json\/wp\/v2\/media\/141571"}],"wp:attachment":[{"href":"https:\/\/patounade.re\/index.php\/wp-json\/wp\/v2\/media?parent=141435"}],"curies":[{"name":"wp","href":"https:\/\/api.w.org\/{rel}","templated":true}]}}