{"id":141452,"date":"2024-08-21T11:11:43","date_gmt":"2024-08-21T09:11:43","guid":{"rendered":"https:\/\/patounade.re\/?page_id=141452"},"modified":"2024-11-29T12:08:03","modified_gmt":"2024-11-29T11:08:03","slug":"livraison-daliments-pour-chiens-et-chats","status":"publish","type":"page","link":"https:\/\/patounade.re\/index.php\/livraison-daliments-pour-chiens-et-chats\/","title":{"rendered":"Nos Services &#8211; Livraison d\u2019aliments pour chiens et chats"},"content":{"rendered":"<div class=\"wpb-content-wrapper\"><p>[vc_row][vc_column width=\u00a0\u00bb1\/1&Prime;][vc_custom_heading text_color=\u00a0\u00bbcolor-188946&Prime; text_font=\u00a0\u00bbfont-114434&Prime; text_size=\u00a0\u00bbfontsize-210105&Prime; inline_media=\u00a0\u00bbyes\u00a0\u00bb medias=\u00a0\u00bb141453&Prime; media_height=\u00a0\u00bb100&Prime; uncode_shortcode_id=\u00a0\u00bb284392&Prime; text_color_type=\u00a0\u00bbuncode-palette\u00a0\u00bb]Livraison d\u2019aliments [uncode_inline_image] pour chiens et chats, directement chez vous ![\/vc_custom_heading][\/vc_column][\/vc_row][vc_row][vc_column column_width_percent=\u00a0\u00bb100&Prime; position_vertical=\u00a0\u00bbmiddle\u00a0\u00bb gutter_size=\u00a0\u00bb3&Prime; overlay_alpha=\u00a0\u00bb50&Prime; shift_x=\u00a0\u00bb0&Prime; shift_y=\u00a0\u00bb0&Prime; shift_y_down=\u00a0\u00bb0&Prime; z_index=\u00a0\u00bb0&Prime; medium_width=\u00a0\u00bb0&Prime; mobile_width=\u00a0\u00bb0&Prime; width=\u00a0\u00bb1\/2&Prime; uncode_shortcode_id=\u00a0\u00bb201636&Prime;][vc_custom_heading text_color=\u00a0\u00bbcolor-188946&Prime; heading_semantic=\u00a0\u00bbh4&Prime; text_font=\u00a0\u00bbfont-114434&Prime; text_size=\u00a0\u00bbh5&Prime; text_weight=\u00a0\u00bb300&Prime; uncode_shortcode_id=\u00a0\u00bb194743&Prime; text_color_type=\u00a0\u00bbuncode-palette\u00a0\u00bb]Avec <strong>La Patounade<\/strong>, plus besoin de vous soucier des courses pour vos compagnons \u00e0 quatre pattes. Nous proposons un service de livraison d\u2019aliments pour chiens et chats, directement \u00e0 votre domicile. Pour un tarif de 20 \u20ac par prestation + le prix des croquettes.<\/p>\n<p>Nous vous apportons tout ce dont votre animal a besoin, des marques de qualit\u00e9 choisies selon vos pr\u00e9f\u00e9rences.<\/p>\n<p>&nbsp;<\/p>\n<p>Profitez de ce service pratique et assurez-vous que votre compagnon ne manque jamais de ses repas favoris !<\/p>\n<p>&nbsp;<\/p>\n<p>Pour r\u00e9server notre service de livraison, <strong>rendez-vous sur notre site web ou contactez-nous via nos r\u00e9seaux sociaux.<\/strong>[\/vc_custom_heading][\/vc_column][vc_column column_width_percent=\u00a0\u00bb100&Prime; position_vertical=\u00a0\u00bbmiddle\u00a0\u00bb gutter_size=\u00a0\u00bb3&Prime; overlay_alpha=\u00a0\u00bb50&Prime; shift_x=\u00a0\u00bb0&Prime; shift_y=\u00a0\u00bb0&Prime; shift_y_down=\u00a0\u00bb0&Prime; z_index=\u00a0\u00bb0&Prime; medium_width=\u00a0\u00bb0&Prime; mobile_width=\u00a0\u00bb0&Prime; width=\u00a0\u00bb1\/2&Prime; uncode_shortcode_id=\u00a0\u00bb774693&Prime;][vc_single_image media=\u00a0\u00bb141454&Prime; media_width_percent=\u00a0\u00bb100&Prime; uncode_shortcode_id=\u00a0\u00bb896688&Prime;][\/vc_column][\/vc_row][vc_row][vc_column column_width_percent=\u00a0\u00bb100&Prime; position_vertical=\u00a0\u00bbmiddle\u00a0\u00bb align_horizontal=\u00a0\u00bbalign_center\u00a0\u00bb gutter_size=\u00a0\u00bb3&Prime; overlay_alpha=\u00a0\u00bb50&Prime; shift_x=\u00a0\u00bb0&Prime; shift_y=\u00a0\u00bb0&Prime; shift_y_down=\u00a0\u00bb0&Prime; z_index=\u00a0\u00bb0&Prime; medium_width=\u00a0\u00bb0&Prime; mobile_width=\u00a0\u00bb0&Prime; width=\u00a0\u00bb1\/1&Prime; uncode_shortcode_id=\u00a0\u00bb490669&Prime;][vc_custom_heading text_font=\u00a0\u00bbfont-193567&Prime; text_size=\u00a0\u00bbfontsize-155944&Prime; text_weight=\u00a0\u00bb100&Prime; uncode_shortcode_id=\u00a0\u00bb186812&Prime; text_color_type=\u00a0\u00bbuncode-solid\u00a0\u00bb text_color_solid=\u00a0\u00bb#fb4480&Prime;]Prendre Rendez-vous[\/vc_custom_heading][vc_empty_space empty_h=\u00a0\u00bb2&Prime;][vc_raw_html]JTVCd2ViYmFib29raW5nJTVE[\/vc_raw_html][\/vc_column][\/vc_row]<\/p>\n<\/div>","protected":false},"excerpt":{"rendered":"<p>[vc_row][vc_column width=\u00a0\u00bb1\/1&Prime;][vc_custom_heading text_color=\u00a0\u00bbcolor-188946&Prime; text_font=\u00a0\u00bbfont-114434&Prime; text_size=\u00a0\u00bbfontsize-210105&Prime; inline_media=\u00a0\u00bbyes\u00a0\u00bb medias=\u00a0\u00bb141453&Prime; media_height=\u00a0\u00bb100&Prime; uncode_shortcode_id=\u00a0\u00bb284392&Prime; text_color_type=\u00a0\u00bbuncode-palette\u00a0\u00bb]Livraison d\u2019aliments [uncode_inline_image] pour chiens et chats, directement chez vous ![\/vc_custom_heading][\/vc_column][\/vc_row][vc_row][vc_column [&hellip;]<\/p>\n","protected":false},"author":1,"featured_media":141574,"parent":0,"menu_order":0,"comment_status":"closed","ping_status":"closed","template":"","meta":{"footnotes":""},"class_list":["post-141452","page","type-page","status-publish","has-post-thumbnail","hentry"],"_links":{"self":[{"href":"https:\/\/patounade.re\/index.php\/wp-json\/wp\/v2\/pages\/141452","targetHints":{"allow":["GET"]}}],"collection":[{"href":"https:\/\/patounade.re\/index.php\/wp-json\/wp\/v2\/pages"}],"about":[{"href":"https:\/\/patounade.re\/index.php\/wp-json\/wp\/v2\/types\/page"}],"author":[{"embeddable":true,"href":"https:\/\/patounade.re\/index.php\/wp-json\/wp\/v2\/users\/1"}],"replies":[{"embeddable":true,"href":"https:\/\/patounade.re\/index.php\/wp-json\/wp\/v2\/comments?post=141452"}],"version-history":[{"count":3,"href":"https:\/\/patounade.re\/index.php\/wp-json\/wp\/v2\/pages\/141452\/revisions"}],"predecessor-version":[{"id":141457,"href":"https:\/\/patounade.re\/index.php\/wp-json\/wp\/v2\/pages\/141452\/revisions\/141457"}],"wp:featuredmedia":[{"embeddable":true,"href":"https:\/\/patounade.re\/index.php\/wp-json\/wp\/v2\/media\/141574"}],"wp:attachment":[{"href":"https:\/\/patounade.re\/index.php\/wp-json\/wp\/v2\/media?parent=141452"}],"curies":[{"name":"wp","href":"https:\/\/api.w.org\/{rel}","templated":true}]}}